{"id":2943,"date":"2024-11-26T12:50:05","date_gmt":"2024-11-26T12:50:05","guid":{"rendered":"https:\/\/www.sunteks.com.tr\/?page_id=2943"},"modified":"2025-12-09T15:08:29","modified_gmt":"2025-12-09T15:08:29","slug":"board-announcements","status":"publish","type":"page","link":"https:\/\/www.sunteks.com.tr\/index.php\/board-announcements\/","title":{"rendered":"Board Announcements"},"content":{"rendered":"\t\t<div data-elementor-type=\"wp-page\" data-elementor-id=\"2943\" class=\"elementor elementor-2943\">\n\t\t\t\t<div class=\"elementor-element elementor-element-4df5f6f e-flex e-con-boxed wpr-particle-no wpr-jarallax-no wpr-parallax-no wpr-sticky-section-no wpr-equal-height-no e-con e-parent\" data-id=\"4df5f6f\" data-element_type=\"container\" data-e-type=\"container\" data-settings=\"{&quot;background_background&quot;:&quot;classic&quot;}\">\n\t\t\t\t\t<div class=\"e-con-inner\">\n\t\t<div class=\"elementor-element elementor-element-3632335 e-con-full e-flex wpr-particle-no wpr-jarallax-no wpr-parallax-no wpr-sticky-section-no wpr-equal-height-no e-con e-child\" data-id=\"3632335\" data-element_type=\"container\" data-e-type=\"container\">\n\t\t\t\t<div class=\"elementor-element elementor-element-10e694c elementor-absolute e-transform elementor-widget elementor-widget-spacer\" data-id=\"10e694c\" data-element_type=\"widget\" data-e-type=\"widget\" data-settings=\"{&quot;_position&quot;:&quot;absolute&quot;,&quot;_transform_skewX_effect&quot;:{&quot;unit&quot;:&quot;px&quot;,&quot;size&quot;:-45,&quot;sizes&quot;:[]},&quot;_transform_skewX_effect_tablet&quot;:{&quot;unit&quot;:&quot;deg&quot;,&quot;size&quot;:&quot;&quot;,&quot;sizes&quot;:[]},&quot;_transform_skewX_effect_mobile&quot;:{&quot;unit&quot;:&quot;deg&quot;,&quot;size&quot;:&quot;&quot;,&quot;sizes&quot;:[]},&quot;_transform_skewY_effect&quot;:{&quot;unit&quot;:&quot;px&quot;,&quot;size&quot;:&quot;&quot;,&quot;sizes&quot;:[]},&quot;_transform_skewY_effect_tablet&quot;:{&quot;unit&quot;:&quot;deg&quot;,&quot;size&quot;:&quot;&quot;,&quot;sizes&quot;:[]},&quot;_transform_skewY_effect_mobile&quot;:{&quot;unit&quot;:&quot;deg&quot;,&quot;size&quot;:&quot;&quot;,&quot;sizes&quot;:[]}}\" data-widget_type=\"spacer.default\">\n\t\t\t\t<div class=\"elementor-widget-container\">\n\t\t\t\t\t\t\t<div class=\"elementor-spacer\">\n\t\t\t<div class=\"elementor-spacer-inner\"><\/div>\n\t\t<\/div>\n\t\t\t\t\t\t<\/div>\n\t\t\t\t<\/div>\n\t\t\t\t<div class=\"elementor-element elementor-element-27a4040 elementor-absolute elementor-widget elementor-widget-heading\" data-id=\"27a4040\" data-element_type=\"widget\" data-e-type=\"widget\" data-settings=\"{&quot;_position&quot;:&quot;absolute&quot;}\" data-widget_type=\"heading.default\">\n\t\t\t\t<div class=\"elementor-widget-container\">\n\t\t\t\t\t<h1 class=\"elementor-heading-title elementor-size-default\">Board Announcements<\/h1>\t\t\t\t<\/div>\n\t\t\t\t<\/div>\n\t\t\t\t<\/div>\n\t\t\t\t\t<\/div>\n\t\t\t\t<\/div>\n\t\t<div class=\"elementor-element elementor-element-6d95a88 e-flex e-con-boxed wpr-particle-no wpr-jarallax-no wpr-parallax-no wpr-sticky-section-no wpr-equal-height-no e-con e-parent\" data-id=\"6d95a88\" data-element_type=\"container\" data-e-type=\"container\">\n\t\t\t\t\t<div class=\"e-con-inner\">\n\t\t\t\t<div class=\"elementor-element elementor-element-322b1ef elementor-widget elementor-widget-spacer\" data-id=\"322b1ef\" data-element_type=\"widget\" data-e-type=\"widget\" data-widget_type=\"spacer.default\">\n\t\t\t\t<div class=\"elementor-widget-container\">\n\t\t\t\t\t\t\t<div class=\"elementor-spacer\">\n\t\t\t<div class=\"elementor-spacer-inner\"><\/div>\n\t\t<\/div>\n\t\t\t\t\t\t<\/div>\n\t\t\t\t<\/div>\n\t\t\t\t\t<\/div>\n\t\t\t\t<\/div>\n\t\t<div class=\"elementor-element elementor-element-59d0e53 e-flex e-con-boxed wpr-particle-no wpr-jarallax-no wpr-parallax-no wpr-sticky-section-no wpr-equal-height-no e-con e-parent\" data-id=\"59d0e53\" data-element_type=\"container\" data-e-type=\"container\">\n\t\t\t\t\t<div class=\"e-con-inner\">\n\t\t\t\t<div class=\"elementor-element elementor-element-2cd1f25 elementor-widget elementor-widget-html\" data-id=\"2cd1f25\" data-element_type=\"widget\" data-e-type=\"widget\" data-widget_type=\"html.default\">\n\t\t\t\t<div class=\"elementor-widget-container\">\n\t\t\t\t\t<style type=\"text\/css\">\r\n.tg  {border-collapse:collapse;border-spacing:0;}\r\n.tg td{border-color:black;border-style:solid;border-width:1px;font-family:Arial, sans-serif;font-size:14px;\r\n  overflow:hidden;padding:10px 20px;word-break:normal;}\r\n.tg th{border-color:black;border-style:solid;border-width:1px;font-family:Arial, sans-serif;font-size:14px;\r\n  font-weight:normal;overflow:hidden;padding:10px 20px;word-break:normal;}\r\n.tg .tg-w5ia{background-color:#fe0000;border-color:inherit;color:#ffffff;font-family:Verdana, Geneva, sans-serif !important;\r\n  font-weight:bold;text-align:left;vertical-align:top}\r\n.tg .tg-umgg{background-color:#ffffff;border-color:inherit;font-family:Verdana, Geneva, sans-serif !important;text-align:left;\r\n  vertical-align:top}\r\n.tg .tg-xh1d{border-color:inherit;font-family:Verdana, Geneva, sans-serif !important;text-align:left;vertical-align:top}\r\n.tg .tg-wdcf{border-color:inherit;font-family:Verdana, Geneva, sans-serif !important;text-align:center;vertical-align:top}\r\n<\/style>\r\n<table class=\"tg\"><thead>\r\n  <tr>\r\n    <th class=\"tg-w5ia\"><center>#<\/center><\/th>\r\n    <th class=\"tg-w5ia\"><center>Document Description<\/center><\/th>\r\n    <th class=\"tg-w5ia\"><center>Release Date<\/center><\/th>\r\n    <th class=\"tg-w5ia\"><center>Attachments<\/center><\/th>\r\n  <\/tr><\/thead>\r\n<tbody>\r\n  <tr>\r\n    <td class=\"tg-umgg\"><center>4<\/center><\/td>\r\n    <td class=\"tg-xh1d\"><\/td>\r\n    <td class=\"tg-wdcf\"><\/td>\r\n    <td class=\"tg-xh1d\"><center><\/center><\/td>\r\n  <\/tr>   \r\n  <tr>\r\n    <td class=\"tg-umgg\"><center>3<\/center><\/td>\r\n    <td class=\"tg-xh1d\">2025 Y\u0131l\u0131 Ola\u011fan  Genel Kurul Toplant\u0131s\u0131<\/td>\r\n    <td class=\"tg-wdcf\">17.11.2025<\/td>\r\n    <td class=\"tg-xh1d\"><center><a href=\"https:\/\/www.sunteks.com.tr\/wp-content\/uploads\/2025\/12\/2025-SunteksAS-Olagan-Genel-Kurul-Toplantisi.pdf\" target=\"_blank\"><img width=\"32\" height=\"32\"src=\"https:\/\/www.sunteks.com.tr\/wp-content\/uploads\/2024\/11\/pdf_icon.png\"><\/img><\/a><\/center><\/td>\r\n  <\/tr>   \r\n  <tr>\r\n    <td class=\"tg-umgg\"><center>2<\/center><\/td>\r\n    <td class=\"tg-xh1d\">2025 Y\u0131l\u0131 Ola\u011fan\u00fcst\u00fc Genel Kurul Toplant\u0131s\u0131<\/td>\r\n    <td class=\"tg-wdcf\">26.05.2025<\/td>\r\n    <td class=\"tg-xh1d\"><center><a href=\"https:\/\/www.sunteks.com.tr\/wp-content\/uploads\/2025\/06\/Sunteks_2025_Olagan_Genel_Kurul.pdf\" target=\"_blank\"><img width=\"32\" height=\"32\"src=\"https:\/\/www.sunteks.com.tr\/wp-content\/uploads\/2024\/11\/pdf_icon.png\"><\/img><\/a><\/center><\/td>\r\n  <\/tr>     \r\n  <tr>\r\n    <td class=\"tg-umgg\"><center>1<\/center><\/td>\r\n    <td class=\"tg-xh1d\">2023 Y\u0131l\u0131 Ola\u011fan Genel Kurul Toplant\u0131s\u0131<\/td>\r\n    <td class=\"tg-wdcf\">08.11.2024<\/td>\r\n    <td class=\"tg-xh1d\"><center><a href=\"https:\/\/www.sunteks.com.tr\/wp-content\/uploads\/2024\/11\/Sunteks_2023_Olagan_Genel_Kurul.pdf\" target=\"_blank\"><img width=\"32\" height=\"32\"src=\"https:\/\/www.sunteks.com.tr\/wp-content\/uploads\/2024\/11\/pdf_icon.png\"><\/img><\/a><\/center><\/td>\r\n  <\/tr>\r\n \r\n<\/tbody>\r\n<\/table>\t\t\t\t<\/div>\n\t\t\t\t<\/div>\n\t\t\t\t\t<\/div>\n\t\t\t\t<\/div>\n\t\t<div class=\"elementor-element elementor-element-cd63396 e-flex e-con-boxed wpr-particle-no wpr-jarallax-no wpr-parallax-no wpr-sticky-section-no wpr-equal-height-no e-con e-parent\" data-id=\"cd63396\" data-element_type=\"container\" data-e-type=\"container\">\n\t\t\t\t\t<div class=\"e-con-inner\">\n\t\t\t\t<div class=\"elementor-element elementor-element-7dcc25f elementor-widget elementor-widget-spacer\" data-id=\"7dcc25f\" data-element_type=\"widget\" data-e-type=\"widget\" data-widget_type=\"spacer.default\">\n\t\t\t\t<div class=\"elementor-widget-container\">\n\t\t\t\t\t\t\t<div class=\"elementor-spacer\">\n\t\t\t<div class=\"elementor-spacer-inner\"><\/div>\n\t\t<\/div>\n\t\t\t\t\t\t<\/div>\n\t\t\t\t<\/div>\n\t\t\t\t\t<\/div>\n\t\t\t\t<\/div>\n\t\t\t\t<\/div>\n\t\t","protected":false},"excerpt":{"rendered":"<p>Board Announcements # Document Description Release Date Attachments 4 3 2025 Y\u0131l\u0131 Ola\u011fan Genel Kurul Toplant\u0131s\u0131 17.11.2025 2 2025 Y\u0131l\u0131 Ola\u011fan\u00fcst\u00fc Genel Kurul Toplant\u0131s\u0131 26.05.2025 1 2023 Y\u0131l\u0131 Ola\u011fan Genel Kurul Toplant\u0131s\u0131 08.11.2024<\/p>\n","protected":false},"author":1,"featured_media":0,"parent":0,"menu_order":0,"comment_status":"closed","ping_status":"closed","template":"","meta":{"site-sidebar-layout":"no-sidebar","site-content-layout":"page-builder","ast-site-content-layout":"default","site-content-style":"default","site-sidebar-style":"default","ast-global-header-display":"","ast-banner-title-visibility":"","ast-main-header-display":"","ast-hfb-above-header-display":"","ast-hfb-below-header-display":"","ast-hfb-mobile-header-display":"","site-post-title":"disabled","ast-breadcrumbs-content":"","ast-featured-img":"disabled","footer-sml-layout":"","ast-disable-related-posts":"","theme-transparent-header-meta":"enabled","adv-header-id-meta":"","stick-header-meta":"","header-above-stick-meta":"","header-main-stick-meta":"","header-below-stick-meta":"","astra-migrate-meta-layouts":"default","ast-page-background-enabled":"default","ast-page-background-meta":{"desktop":{"background-color":"var(--ast-global-color-4)","background-image":"","background-repeat":"repeat","background-position":"center center","background-size":"auto","background-attachment":"scroll","background-type":"","background-media":"","overlay-type":"","overlay-color":"","overlay-opacity":"","overlay-gradient":""},"tablet":{"background-color":"","background-image":"","background-repeat":"repeat","background-position":"center center","background-size":"auto","background-attachment":"scroll","background-type":"","background-media":"","overlay-type":"","overlay-color":"","overlay-opacity":"","overlay-gradient":""},"mobile":{"background-color":"","background-image":"","background-repeat":"repeat","background-position":"center center","background-size":"auto","background-attachment":"scroll","background-type":"","background-media":"","overlay-type":"","overlay-color":"","overlay-opacity":"","overlay-gradient":""}},"ast-content-background-meta":{"desktop":{"background-color":"var(--ast-global-color-5)","background-image":"","background-repeat":"repeat","background-position":"center center","background-size":"auto","background-attachment":"scroll","background-type":"","background-media":"","overlay-type":"","overlay-color":"","overlay-opacity":"","overlay-gradient":""},"tablet":{"background-color":"var(--ast-global-color-5)","background-image":"","background-repeat":"repeat","background-position":"center center","background-size":"auto","background-attachment":"scroll","background-type":"","background-media":"","overlay-type":"","overlay-color":"","overlay-opacity":"","overlay-gradient":""},"mobile":{"background-color":"var(--ast-global-color-5)","background-image":"","background-repeat":"repeat","background-position":"center center","background-size":"auto","background-attachment":"scroll","background-type":"","background-media":"","overlay-type":"","overlay-color":"","overlay-opacity":"","overlay-gradient":""}},"footnotes":""},"class_list":["post-2943","page","type-page","status-publish","hentry"],"_links":{"self":[{"href":"https:\/\/www.sunteks.com.tr\/index.php\/wp-json\/wp\/v2\/pages\/2943","targetHints":{"allow":["GET"]}}],"collection":[{"href":"https:\/\/www.sunteks.com.tr\/index.php\/wp-json\/wp\/v2\/pages"}],"about":[{"href":"https:\/\/www.sunteks.com.tr\/index.php\/wp-json\/wp\/v2\/types\/page"}],"author":[{"embeddable":true,"href":"https:\/\/www.sunteks.com.tr\/index.php\/wp-json\/wp\/v2\/users\/1"}],"replies":[{"embeddable":true,"href":"https:\/\/www.sunteks.com.tr\/index.php\/wp-json\/wp\/v2\/comments?post=2943"}],"version-history":[{"count":31,"href":"https:\/\/www.sunteks.com.tr\/index.php\/wp-json\/wp\/v2\/pages\/2943\/revisions"}],"predecessor-version":[{"id":3004,"href":"https:\/\/www.sunteks.com.tr\/index.php\/wp-json\/wp\/v2\/pages\/2943\/revisions\/3004"}],"wp:attachment":[{"href":"https:\/\/www.sunteks.com.tr\/index.php\/wp-json\/wp\/v2\/media?parent=2943"}],"curies":[{"name":"wp","href":"https:\/\/api.w.org\/{rel}","templated":true}]}}